{"id":213353,"date":"2023-11-17T09:46:46","date_gmt":"2023-11-17T09:46:46","guid":{"rendered":"https:\/\/www.irbis.cat\/criterios-ambientales-en-los-proyectos-de-vias-verdes\/"},"modified":"2024-01-05T09:54:09","modified_gmt":"2024-01-05T09:54:09","slug":"criterios-ambientales-en-los-proyectos-de-vias-verdes","status":"publish","type":"page","link":"https:\/\/www.irbis.cat\/es\/criterios-ambientales-en-los-proyectos-de-vias-verdes\/","title":{"rendered":"Criterios ambientales en los proyectos de v\u00edas verdes"},"content":{"rendered":"<p>[et_pb_section fb_built=\u00bb1&#8243; disabled_on=\u00bboff|off|off\u00bb admin_label=\u00bbHeader Section\u00bb _builder_version=\u00bb4.16&#8243; background_color=\u00bb#ffffff\u00bb use_background_color_gradient=\u00bbon\u00bb background_color_gradient_direction=\u00bb131deg\u00bb background_color_gradient_stops=\u00bbrgba(0,0,0,0.89) 0%|#474747 100%\u00bb background_color_gradient_start=\u00bbrgba(0,0,0,0.89)\u00bb background_color_gradient_end=\u00bb#474747&#8243; background_image=\u00bbhttps:\/\/www.irbis.cat\/wp-content\/uploads\/2017\/06\/2000&#215;1300-background-006.jpg\u00bb background_position=\u00bbtop_center\u00bb background_blend=\u00bboverlay\u00bb custom_padding=\u00bb0px||0px|\u00bb custom_padding_tablet=\u00bb0px||0px|\u00bb padding_mobile=\u00bbon\u00bb collapsed=\u00bbon\u00bb global_colors_info=\u00bb{}\u00bb][et_pb_row column_padding_mobile=\u00bbon\u00bb custom_padding_last_edited=\u00bbon|desktop\u00bb admin_label=\u00bbrow\u00bb _builder_version=\u00bb4.16&#8243; background_size=\u00bbinitial\u00bb background_position=\u00bbtop_left\u00bb background_repeat=\u00bbrepeat\u00bb custom_padding=\u00bb5.5%||2.5%|\u00bb custom_padding_tablet=\u00bb\u00bb custom_padding_phone=\u00bb36px||36px|\u00bb global_colors_info=\u00bb{}\u00bb][et_pb_column type=\u00bb4_4&#8243; _builder_version=\u00bb4.16&#8243; background_position=\u00bbtop_left\u00bb custom_padding=\u00bb|||\u00bb global_colors_info=\u00bb{}\u00bb custom_padding__hover=\u00bb|||\u00bb][et_pb_text admin_label=\u00bbPreheader\u00bb _builder_version=\u00bb4.16&#8243; text_text_color=\u00bb#10a31c\u00bb text_font_size=\u00bb26&#8243; background_size=\u00bbinitial\u00bb background_position=\u00bbtop_left\u00bb background_repeat=\u00bbrepeat\u00bb background_layout=\u00bbdark\u00bb custom_margin=\u00bb||35px|\u00bb text_font_size_tablet=\u00bb16&#8243; text_font_size_phone=\u00bb14&#8243; text_font_size_last_edited=\u00bbon|desktop\u00bb custom_css_main_element=\u00bbfont-weight:600;\u00bb global_colors_info=\u00bb{}\u00bb]<\/p>\n<p>Irbis, ecolog\u00eda aplicada a la sostenibilidad<\/p>\n<p>[\/et_pb_text][et_pb_text admin_label=\u00bbTitle\u00bb _builder_version=\u00bb4.20.2&#8243; text_font_size=\u00bb62&#8243; text_line_height=\u00bb1em\u00bb background_size=\u00bbinitial\u00bb background_position=\u00bbtop_left\u00bb background_repeat=\u00bbrepeat\u00bb background_layout=\u00bbdark\u00bb max_width_tablet=\u00bb\u00bb max_width_phone=\u00bb\u00bb max_width_last_edited=\u00bbon|phone\u00bb min_height=\u00bb90.6px\u00bb custom_margin=\u00bb||1px|||\u00bb hover_enabled=\u00bb0&#8243; text_font_size_tablet=\u00bb35&#8243; text_font_size_phone=\u00bb25&#8243; text_font_size_last_edited=\u00bbon|desktop\u00bb header_font_size_last_edited=\u00bbon|phone\u00bb custom_css_main_element=\u00bbfont-weight:900!important;\u00bb global_colors_info=\u00bb{}\u00bb header_font_size=\u00bb62px\u00bb sticky_enabled=\u00bb0&#8243; header_font_size_tablet=\u00bb35px\u00bb header_font_size_phone=\u00bb25px\u00bb]<\/p>\n<h1>Criterios ambientales en los proyectos de V\u00edas Verdes<\/h1>\n<p>[\/et_pb_text][\/et_pb_column][\/et_pb_row][\/et_pb_section][et_pb_section fb_built=\u00bb1&#8243; _builder_version=\u00bb4.20.2&#8243; _module_preset=\u00bbdefault\u00bb global_colors_info=\u00bb{}\u00bb][et_pb_row column_structure=\u00bb1_2,1_2&#8243; _builder_version=\u00bb4.20.2&#8243; _module_preset=\u00bbdefault\u00bb global_colors_info=\u00bb{}\u00bb][et_pb_column type=\u00bb1_2&#8243; _builder_version=\u00bb4.20.2&#8243; _module_preset=\u00bbdefault\u00bb global_colors_info=\u00bb{}\u00bb][et_pb_text _builder_version=\u00bb4.20.2&#8243; _module_preset=\u00bbdefault\u00bb global_colors_info=\u00bb{}\u00bb]<\/p>\n<h2>Descarga la gu\u00eda sobre criterios ambientales en los proyectos de v\u00edas verdes<\/h2>\n<p>En Catalu\u00f1a, los proyectos de v\u00edas verdes y rutas pedaleables han ganado popularidad como medios para fomentar la movilidad sostenible y el turismo de proximidad. Sin embargo, su implementaci\u00f3n puede tener impactos en el medio ambiente, afectando a aspectos como el suelo, la biodiversidad o el paisaje.<\/p>\n<p>Con el objetivo de garantizar que estas infraestructuras se dise\u00f1en, ejecuten y utilicen de forma respetuosa con el medio, presentamos esta gu\u00eda. En ella, definimos criterios ambientales clave agrupados en cuatro \u00e1mbitos principales: la disposici\u00f3n, dise\u00f1o, ejecuci\u00f3n y uso. Adem\u00e1s incluye un resumen de todos los criterios en forma de checklist para facilitar su aplicaci\u00f3n.<\/p>\n<p>Si est\u00e1s interesado en desarrollar proyectos de v\u00edas verdes que armonicen con el medio ambiente, esta gu\u00eda es esencial para ti. Rellena el formulario a continuaci\u00f3n para descargarla y comienza a planificar con una perspectiva sostenible.<\/p>\n<p>[\/et_pb_text][\/et_pb_column][et_pb_column type=\u00bb1_2&#8243; _builder_version=\u00bb4.20.2&#8243; _module_preset=\u00bbdefault\u00bb global_colors_info=\u00bb{}\u00bb][et_pb_text _builder_version=\u00bb4.20.2&#8243; _module_preset=\u00bbdefault\u00bb global_colors_info=\u00bb{}\u00bb]<\/p>\n<script type=\"text\/javascript\">var gform;gform||(document.addEventListener(\"gform_main_scripts_loaded\",function(){gform.scriptsLoaded=!0}),window.addEventListener(\"DOMContentLoaded\",function(){gform.domLoaded=!0}),gform={domLoaded:!1,scriptsLoaded:!1,initializeOnLoaded:function(o){gform.domLoaded&&gform.scriptsLoaded?o():!gform.domLoaded&&gform.scriptsLoaded?window.addEventListener(\"DOMContentLoaded\",o):document.addEventListener(\"gform_main_scripts_loaded\",o)},hooks:{action:{},filter:{}},addAction:function(o,n,r,t){gform.addHook(\"action\",o,n,r,t)},addFilter:function(o,n,r,t){gform.addHook(\"filter\",o,n,r,t)},doAction:function(o){gform.doHook(\"action\",o,arguments)},applyFilters:function(o){return gform.doHook(\"filter\",o,arguments)},removeAction:function(o,n){gform.removeHook(\"action\",o,n)},removeFilter:function(o,n,r){gform.removeHook(\"filter\",o,n,r)},addHook:function(o,n,r,t,i){null==gform.hooks[o][n]&&(gform.hooks[o][n]=[]);var e=gform.hooks[o][n];null==i&&(i=n+\"_\"+e.length),gform.hooks[o][n].push({tag:i,callable:r,priority:t=null==t?10:t})},doHook:function(n,o,r){var t;if(r=Array.prototype.slice.call(r,1),null!=gform.hooks[n][o]&&((o=gform.hooks[n][o]).sort(function(o,n){return o.priority-n.priority}),o.forEach(function(o){\"function\"!=typeof(t=o.callable)&&(t=window[t]),\"action\"==n?t.apply(null,r):r[0]=t.apply(null,r)})),\"filter\"==n)return r[0]},removeHook:function(o,n,t,i){var r;null!=gform.hooks[o][n]&&(r=(r=gform.hooks[o][n]).filter(function(o,n,r){return!!(null!=i&&i!=o.tag||null!=t&&t!=o.priority)}),gform.hooks[o][n]=r)}});<\/script>\n                <div class='gf_browser_gecko gform_wrapper gform_legacy_markup_wrapper gform-theme--no-framework' data-form-theme='legacy' data-form-index='0' id='gform_wrapper_5' ><form method='post' enctype='multipart\/form-data'  id='gform_5'  action='\/es\/wp-json\/wp\/v2\/pages\/213353' data-formid='5' ><div class='gf_invisible ginput_recaptchav3' data-sitekey='6Ldq9VYnAAAAAJ5JPAHNZNvHQAtbn3sJgXWLbo6h' data-tabindex='0'><input id=\"input_8ac3e2f34a68d50055f36935b9a3b724\" class=\"gfield_recaptcha_response\" type=\"hidden\" name=\"input_8ac3e2f34a68d50055f36935b9a3b724\" value=\"\"\/><\/div>\n                        <div class='gform-body gform_body'><ul id='gform_fields_5' class='gform_fields top_label form_sublabel_below description_below'><li id=\"field_5_7\"  class=\"gfield gfield--type-name gfield--width-full gfield_contains_required field_sublabel_hidden_label gfield--no-description field_description_below gfield_visibility_visible\"  data-js-reload=\"field_5_7\"><label class='gfield_label gform-field-label gfield_label_before_complex'  >Nombre y apellidos<span class=\"gfield_required\"><span class=\"gfield_required gfield_required_asterisk\">*<\/span><\/span><\/label><div class='ginput_complex ginput_container ginput_container--name no_prefix has_first_name no_middle_name has_last_name no_suffix gf_name_has_2 ginput_container_name gform-grid-row' id='input_5_7'>\n                            \n                            <span id='input_5_7_3_container' class='name_first gform-grid-col gform-grid-col--size-auto' >\n                                                    <input type='text' name='input_7.3' id='input_5_7_3' value=''   aria-required='true'   placeholder='Nombre'  \/>\n                                                    <label for='input_5_7_3' class='gform-field-label gform-field-label--type-sub hidden_sub_label screen-reader-text'>Nombre<\/label>\n                                                <\/span>\n                            \n                            <span id='input_5_7_6_container' class='name_last gform-grid-col gform-grid-col--size-auto' >\n                                                    <input type='text' name='input_7.6' id='input_5_7_6' value=''   aria-required='true'   placeholder='Apellidos'  \/>\n                                                    <label for='input_5_7_6' class='gform-field-label gform-field-label--type-sub hidden_sub_label screen-reader-text'>Apellidos<\/label>\n                                                <\/span>\n                            \n                        <\/div><\/li><li id=\"field_5_2\"  class=\"gfield gfield--type-email gfield_contains_required field_sublabel_below gfield--no-description field_description_below gfield_visibility_visible\"  data-js-reload=\"field_5_2\"><label class='gfield_label gform-field-label' for='input_5_2' >Email<span class=\"gfield_required\"><span class=\"gfield_required gfield_required_asterisk\">*<\/span><\/span><\/label><div class='ginput_container ginput_container_email'>\n                            <input name='input_2' id='input_5_2' type='text' value='' class='large'    aria-required=\"true\" aria-invalid=\"false\"  \/>\n                        <\/div><\/li><li id=\"field_5_8\"  class=\"gfield gfield--type-text gfield--width-full field_sublabel_below gfield--no-description field_description_below gfield_visibility_visible\"  data-js-reload=\"field_5_8\"><label class='gfield_label gform-field-label' for='input_5_8' >Cargo<\/label><div class='ginput_container ginput_container_text'><input name='input_8' id='input_5_8' type='text' value='' class='large'      aria-invalid=\"false\"   \/> <\/div><\/li><li id=\"field_5_9\"  class=\"gfield gfield--type-text gfield--width-full gfield_contains_required field_sublabel_below gfield--no-description field_description_below gfield_visibility_visible\"  data-js-reload=\"field_5_9\"><label class='gfield_label gform-field-label' for='input_5_9' >Entidad \/ empresa<span class=\"gfield_required\"><span class=\"gfield_required gfield_required_asterisk\">*<\/span><\/span><\/label><div class='ginput_container ginput_container_text'><input name='input_9' id='input_5_9' type='text' value='' class='large'     aria-required=\"true\" aria-invalid=\"false\"   \/> <\/div><\/li><li id=\"field_5_5\"  class=\"gfield gfield--type-consent gfield--type-choice gfield--input-type-consent gfield--width-full gfield_contains_required field_sublabel_below gfield--no-description field_description_below hidden_label gfield_visibility_visible\"  data-js-reload=\"field_5_5\"><label class='gfield_label gform-field-label gfield_label_before_complex'  >Consiento el env\u00edo de datos.<span class=\"gfield_required\"><span class=\"gfield_required gfield_required_asterisk\">*<\/span><\/span><\/label><div class='ginput_container ginput_container_consent'><input name='input_5.1' id='input_5_5_1' type='checkbox' value='1'   aria-required=\"true\" aria-invalid=\"false\"   \/> <label class=\"gform-field-label gform-field-label--type-inline gfield_consent_label\" for='input_5_5_1' >Consiento el env\u00edo de datos.<span class=\"gfield_required gfield_required_asterisk\">*<\/span><\/label><input type='hidden' name='input_5.2' value='Consiento el env\u00edo de datos.' class='gform_hidden' \/><input type='hidden' name='input_5.3' value='4' class='gform_hidden' \/><\/div><\/li><li id=\"field_5_6\"  class=\"gfield gfield--type-consent gfield--type-choice gfield--input-type-consent gfield--width-full gfield_contains_required field_sublabel_below gfield--has-description field_description_below hidden_label gfield_visibility_visible\"  data-js-reload=\"field_5_6\"><label class='gfield_label gform-field-label gfield_label_before_complex'  >He le\u00eddo y acepto la pol\u00edtica de privacidad.<span class=\"gfield_required\"><span class=\"gfield_required gfield_required_asterisk\">*<\/span><\/span><\/label><div class='ginput_container ginput_container_consent'><input name='input_6.1' id='input_5_6_1' type='checkbox' value='1'  aria-describedby=\"gfield_consent_description_5_6\" aria-required=\"true\" aria-invalid=\"false\"   \/> <label class=\"gform-field-label gform-field-label--type-inline gfield_consent_label\" for='input_5_6_1' >He le\u00eddo y acepto la pol\u00edtica de privacidad.<span class=\"gfield_required gfield_required_asterisk\">*<\/span><\/label><input type='hidden' name='input_6.2' value='He le\u00eddo y acepto la pol\u00edtica de privacidad.' class='gform_hidden' \/><input type='hidden' name='input_6.3' value='4' class='gform_hidden' \/><\/div><div class='gfield_description gfield_consent_description' id='gfield_consent_description_5_6'>De acuerdo con lo dispuesto en la LO 15\/1999 de 13 de diciembre de Protecci\u00f3n de Datos de Car\u00e1cter Personal, le informamos que los datos recogidos a partir del presente formulario ser\u00e1n incorporados a un fichero bajo la responsabilidad de IRBIS, S.L. con el fin de atender a los compromisos derivados de la relaci\u00f3n que mantenemos con usted. Puede ejercer sus derechos de acceso, rectificaci\u00f3n, cancelaci\u00f3n y oposici\u00f3n mediante un escrito a nuestra direcci\u00f3n: <a href=\"mailto: xavier@irbis.cat\"> xavier@irbis.cat <\/a><br \/>\r\nEncontrar\u00e1s m\u00e1s informaci\u00f3n en la nuestra <a href=\"https:\/\/www.irbis.cat\/es\/politica-de-privacidad\/\"> pol\u00edtica de privacidad<\/a>.<\/div><\/li><\/ul><\/div>\n        <div class='gform_footer top_label'> <input type='submit' id='gform_submit_button_5' class='gform_button button' value='Env\u00eda'  onclick='if(window[\"gf_submitting_5\"]){return false;}  window[\"gf_submitting_5\"]=true;  ' onkeypress='if( event.keyCode == 13 ){ if(window[\"gf_submitting_5\"]){return false;} window[\"gf_submitting_5\"]=true;  jQuery(\"#gform_5\").trigger(\"submit\",[true]); }' \/> \n            <input type='hidden' class='gform_hidden' name='is_submit_5' value='1' \/>\n            <input type='hidden' class='gform_hidden' name='gform_submit' value='5' \/>\n            \n            <input type='hidden' class='gform_hidden' name='gform_unique_id' value='' \/>\n            <input type='hidden' class='gform_hidden' name='state_5' value='WyJ7XCI1LjFcIjpcImNiMjE1Y2RmNmRiYzdmM2NlMmFmNzA3YmJjYWUxZDU2XCIsXCI1LjJcIjpcIjViODI4MjdkNjQ2MjcwZGFjNWFhMjk3ZTE4ODJkMGJlXCIsXCI1LjNcIjpcIjRkZjdlNmJjYTk0OTdkZjA4YWY2ZDU4ZjM4ODA3OGQwXCIsXCI2LjFcIjpcImNiMjE1Y2RmNmRiYzdmM2NlMmFmNzA3YmJjYWUxZDU2XCIsXCI2LjJcIjpcImFmMDAyYjU4OWFhMWNlNDhhMWY1NGFlYWE2ZmEzNTAxXCIsXCI2LjNcIjpcIjRkZjdlNmJjYTk0OTdkZjA4YWY2ZDU4ZjM4ODA3OGQwXCJ9IiwiZTI3Mzg5OTY4ODVjMjBjNTZkZGI0OGQ1MzllYTFhNzAiXQ==' \/>\n            <input type='hidden' class='gform_hidden' name='gform_target_page_number_5' id='gform_target_page_number_5' value='0' \/>\n            <input type='hidden' class='gform_hidden' name='gform_source_page_number_5' id='gform_source_page_number_5' value='1' \/>\n            <input type='hidden' name='gform_field_values' value='' \/>\n            \n        <\/div>\n                        <p style=\"display: none !important;\" class=\"akismet-fields-container\" data-prefix=\"ak_\"><label>&#916;<textarea name=\"ak_hp_textarea\" cols=\"45\" rows=\"8\" maxlength=\"100\"><\/textarea><\/label><input type=\"hidden\" id=\"ak_js_1\" name=\"ak_js\" value=\"136\"\/><script>document.getElementById( \"ak_js_1\" ).setAttribute( \"value\", ( new Date() ).getTime() );<\/script><\/p><\/form>\n                        <\/div><script type=\"text\/javascript\">\ngform.initializeOnLoaded( function() {gformInitSpinner( 5, 'https:\/\/www.irbis.cat\/wp-content\/plugins\/gravityforms\/images\/spinner.svg', true );jQuery('#gform_ajax_frame_5').on('load',function(){var contents = jQuery(this).contents().find('*').html();var is_postback = contents.indexOf('GF_AJAX_POSTBACK') >= 0;if(!is_postback){return;}var form_content = jQuery(this).contents().find('#gform_wrapper_5');var is_confirmation = jQuery(this).contents().find('#gform_confirmation_wrapper_5').length > 0;var is_redirect = contents.indexOf('gformRedirect(){') >= 0;var is_form = form_content.length > 0 && ! is_redirect && ! is_confirmation;var mt = parseInt(jQuery('html').css('margin-top'), 10) + parseInt(jQuery('body').css('margin-top'), 10) + 100;if(is_form){jQuery('#gform_wrapper_5').html(form_content.html());if(form_content.hasClass('gform_validation_error')){jQuery('#gform_wrapper_5').addClass('gform_validation_error');} else {jQuery('#gform_wrapper_5').removeClass('gform_validation_error');}setTimeout( function() { \/* delay the scroll by 50 milliseconds to fix a bug in chrome *\/  }, 50 );if(window['gformInitDatepicker']) {gformInitDatepicker();}if(window['gformInitPriceFields']) {gformInitPriceFields();}var current_page = jQuery('#gform_source_page_number_5').val();gformInitSpinner( 5, 'https:\/\/www.irbis.cat\/wp-content\/plugins\/gravityforms\/images\/spinner.svg', true );jQuery(document).trigger('gform_page_loaded', [5, current_page]);window['gf_submitting_5'] = false;}else if(!is_redirect){var confirmation_content = jQuery(this).contents().find('.GF_AJAX_POSTBACK').html();if(!confirmation_content){confirmation_content = contents;}setTimeout(function(){jQuery('#gform_wrapper_5').replaceWith(confirmation_content);jQuery(document).trigger('gform_confirmation_loaded', [5]);window['gf_submitting_5'] = false;wp.a11y.speak(jQuery('#gform_confirmation_message_5').text());}, 50);}else{jQuery('#gform_5').append(contents);if(window['gformRedirect']) {gformRedirect();}}jQuery(document).trigger('gform_post_render', [5, current_page]);gform.utils.trigger({ event: 'gform\/postRender', native: false, data: { formId: 5, currentPage: current_page } });} );} );\n<\/script>\n\n<p>[\/et_pb_text][\/et_pb_column][\/et_pb_row][\/et_pb_section]<\/p>\n","protected":false},"excerpt":{"rendered":"<p>Irbis, ecolog\u00eda aplicada a la sostenibilidad Criterios ambientales en los proyectos de V\u00edas VerdesDescarga la gu\u00eda sobre criterios ambientales en los proyectos de v\u00edas verdes En Catalu\u00f1a, los proyectos de v\u00edas verdes y rutas pedaleables han ganado popularidad como medios para fomentar la movilidad sostenible y el turismo de proximidad. Sin embargo, su implementaci\u00f3n puede [&hellip;]<\/p>\n","protected":false},"author":5,"featured_media":0,"parent":0,"menu_order":0,"comment_status":"closed","ping_status":"closed","template":"","meta":{"_et_pb_use_builder":"on","_et_pb_old_content":"","_et_gb_content_width":""},"_links":{"self":[{"href":"https:\/\/www.irbis.cat\/es\/wp-json\/wp\/v2\/pages\/213353"}],"collection":[{"href":"https:\/\/www.irbis.cat\/es\/wp-json\/wp\/v2\/pages"}],"about":[{"href":"https:\/\/www.irbis.cat\/es\/wp-json\/wp\/v2\/types\/page"}],"author":[{"embeddable":true,"href":"https:\/\/www.irbis.cat\/es\/wp-json\/wp\/v2\/users\/5"}],"replies":[{"embeddable":true,"href":"https:\/\/www.irbis.cat\/es\/wp-json\/wp\/v2\/comments?post=213353"}],"version-history":[{"count":4,"href":"https:\/\/www.irbis.cat\/es\/wp-json\/wp\/v2\/pages\/213353\/revisions"}],"predecessor-version":[{"id":213647,"href":"https:\/\/www.irbis.cat\/es\/wp-json\/wp\/v2\/pages\/213353\/revisions\/213647"}],"wp:attachment":[{"href":"https:\/\/www.irbis.cat\/es\/wp-json\/wp\/v2\/media?parent=213353"}],"curies":[{"name":"wp","href":"https:\/\/api.w.org\/{rel}","templated":true}]}}