{"id":208947,"date":"2017-10-10T08:00:25","date_gmt":"2017-10-10T08:00:25","guid":{"rendered":"https:\/\/www.irbis.cat\/proyectos\/"},"modified":"2024-01-18T11:48:30","modified_gmt":"2024-01-18T11:48:30","slug":"proyectos","status":"publish","type":"page","link":"https:\/\/www.irbis.cat\/es\/proyectos\/","title":{"rendered":"Proyectos"},"content":{"rendered":"<p>[et_pb_section fb_built=\u00bb1&#8243; disabled_on=\u00bboff|off|off\u00bb admin_label=\u00bbHeader Section\u00bb _builder_version=\u00bb4.16&#8243; background_color=\u00bb#ffffff\u00bb use_background_color_gradient=\u00bbon\u00bb background_color_gradient_direction=\u00bb131deg\u00bb background_color_gradient_stops=\u00bbrgba(0,0,0,0.89) 0%|#474747 100%\u00bb background_color_gradient_start=\u00bbrgba(0,0,0,0.89)\u00bb background_color_gradient_end=\u00bb#474747&#8243; background_image=\u00bbhttps:\/\/www.irbis.cat\/wp-content\/uploads\/2017\/06\/2000&#215;1300-background-006.jpg\u00bb background_position=\u00bbtop_center\u00bb background_blend=\u00bboverlay\u00bb custom_padding=\u00bb0px||0px|\u00bb custom_padding_tablet=\u00bb0px||0px|\u00bb padding_mobile=\u00bbon\u00bb collapsed=\u00bbon\u00bb global_colors_info=\u00bb{}\u00bb][et_pb_row column_padding_mobile=\u00bbon\u00bb custom_padding_last_edited=\u00bbon|desktop\u00bb admin_label=\u00bbrow\u00bb _builder_version=\u00bb4.16&#8243; background_size=\u00bbinitial\u00bb background_position=\u00bbtop_left\u00bb background_repeat=\u00bbrepeat\u00bb custom_padding=\u00bb5.5%||2.5%|\u00bb custom_padding_tablet=\u00bb\u00bb custom_padding_phone=\u00bb36px||36px|\u00bb global_colors_info=\u00bb{}\u00bb][et_pb_column type=\u00bb4_4&#8243; _builder_version=\u00bb4.16&#8243; background_position=\u00bbtop_left\u00bb custom_padding=\u00bb|||\u00bb global_colors_info=\u00bb{}\u00bb custom_padding__hover=\u00bb|||\u00bb][et_pb_text admin_label=\u00bbPreheader\u00bb _builder_version=\u00bb4.16&#8243; text_text_color=\u00bb#10a31c\u00bb text_font_size=\u00bb26&#8243; background_size=\u00bbinitial\u00bb background_position=\u00bbtop_left\u00bb background_repeat=\u00bbrepeat\u00bb background_layout=\u00bbdark\u00bb custom_margin=\u00bb||35px|\u00bb text_font_size_tablet=\u00bb16&#8243; text_font_size_phone=\u00bb14&#8243; text_font_size_last_edited=\u00bbon|desktop\u00bb custom_css_main_element=\u00bbfont-weight:600;\u00bb global_colors_info=\u00bb{}\u00bb]<\/p>\n<p>Irbis, ecolog\u00eda aplicada a la sostenibilidad<\/p>\n<p>[\/et_pb_text][et_pb_text admin_label=\u00bbTitle\u00bb _builder_version=\u00bb4.16&#8243; text_font_size=\u00bb62&#8243; background_size=\u00bbinitial\u00bb background_position=\u00bbtop_left\u00bb background_repeat=\u00bbrepeat\u00bb background_layout=\u00bbdark\u00bb max_width_tablet=\u00bb\u00bb max_width_phone=\u00bb\u00bb max_width_last_edited=\u00bbon|phone\u00bb custom_margin=\u00bb||42px|\u00bb text_font_size_tablet=\u00bb35&#8243; text_font_size_phone=\u00bb25&#8243; text_font_size_last_edited=\u00bbon|desktop\u00bb header_font_size_last_edited=\u00bboff|desktop\u00bb custom_css_main_element=\u00bbfont-weight:900!important;\u00bb global_colors_info=\u00bb{}\u00bb]<\/p>\n<p>Proyectos<\/p>\n<p>[\/et_pb_text][\/et_pb_column][\/et_pb_row][\/et_pb_section][et_pb_section fb_built=\u00bb1&#8243; admin_label=\u00bbAccounting Services\u00bb module_id=\u00bbaccounting_services\u00bb _builder_version=\u00bb4.16&#8243; background_color=\u00bb#ffffff\u00bb collapsed=\u00bbon\u00bb global_colors_info=\u00bb{}\u00bb][et_pb_row admin_label=\u00bbRow\u00bb _builder_version=\u00bb4.16&#8243; background_size=\u00bbinitial\u00bb background_position=\u00bbtop_left\u00bb background_repeat=\u00bbrepeat\u00bb global_colors_info=\u00bb{}\u00bb][et_pb_column type=\u00bb4_4&#8243; _builder_version=\u00bb4.16&#8243; custom_padding=\u00bb|||\u00bb global_colors_info=\u00bb{}\u00bb custom_padding__hover=\u00bb|||\u00bb][et_pb_text admin_label=\u00bbPreheader\u00bb _builder_version=\u00bb4.16&#8243; text_text_color=\u00bb#10a31c\u00bb text_font_size=\u00bb18&#8243; background_size=\u00bbinitial\u00bb background_position=\u00bbtop_left\u00bb background_repeat=\u00bbrepeat\u00bb text_orientation=\u00bbcenter\u00bb module_alignment=\u00bbcenter\u00bb custom_margin=\u00bb||15px|\u00bb text_font_size_tablet=\u00bb16&#8243; text_font_size_phone=\u00bb14&#8243; text_font_size_last_edited=\u00bbon|phone\u00bb custom_css_main_element=\u00bbfont-weight:300;\u00bb global_colors_info=\u00bb{}\u00bb] Un amplio abanico de [\/et_pb_text][et_pb_text admin_label=\u00bbHeader\u00bb _builder_version=\u00bb4.16&#8243; text_font_size=\u00bb45&#8243; header_font_size=\u00bb45&#8243; background_size=\u00bbinitial\u00bb background_position=\u00bbtop_left\u00bb background_repeat=\u00bbrepeat\u00bb text_orientation=\u00bbcenter\u00bb max_width_tablet=\u00bb\u00bb max_width_phone=\u00bb\u00bb max_width_last_edited=\u00bbon|phone\u00bb module_alignment=\u00bbcenter\u00bb custom_margin=\u00bb||10px|\u00bb text_font_size_tablet=\u00bb35&#8243; text_font_size_phone=\u00bb25&#8243; text_font_size_last_edited=\u00bboff|phone\u00bb header_font_size_last_edited=\u00bboff|desktop\u00bb custom_css_main_element=\u00bbfont-weight:900!important;\u00bb global_colors_info=\u00bb{}\u00bb]<\/p>\n<h1>Proyectos de consultor\u00eda ambiental<\/h1>\n<p>[\/et_pb_text][et_pb_divider divider_position=\u00bbcenter\u00bb divider_weight=\u00bb2&#8243; admin_label=\u00bbDivider (Centered)\u00bb _builder_version=\u00bb4.16&#8243; custom_css_before=\u00bbwidth: 100px;||left: 50%;||margin-right: -50%;||transform: translate(-50%);\u00bb hide_on_mobile=\u00bboff\u00bb global_colors_info=\u00bb{}\u00bb][\/et_pb_divider][et_pb_text admin_label=\u00bbSubheader\u00bb _builder_version=\u00bb4.20.2&#8243; background_size=\u00bbinitial\u00bb background_position=\u00bbtop_left\u00bb background_repeat=\u00bbrepeat\u00bb text_orientation=\u00bbcenter\u00bb max_width=\u00bb720px\u00bb module_alignment=\u00bbcenter\u00bb custom_margin=\u00bb0px||40px|\u00bb custom_margin_tablet=\u00bb0px||38px|\u00bb custom_margin_phone=\u00bb\u00bb custom_margin_last_edited=\u00bbon|phone\u00bb custom_css_main_element=\u00bbfont-weight:300;\u00bb global_colors_info=\u00bb{}\u00bb]Nuestra actividad profesional se desarrolla principalmente en dos vertientes: los <strong>estudios y la asesor\u00eda &#8211; consultor\u00eda<\/strong>. Desde el inicio hemos desarrollado, a partir de aproximaciones cient\u00edficas o t\u00e9cnicas, un amplio abanico de trabajos de objetivos diversos: informes, documentos de asesor\u00eda, estudios, peritajes, diagnosis, evaluaciones, delimitaciones, auditor\u00edas, planes de actuaci\u00f3n, etc.[\/et_pb_text][et_pb_filterable_portfolio fullwidth=\u00bboff\u00bb posts_number=\u00bb8&#8243; include_categories=\u00bb83,67,84,69,77,79&#8243; admin_label=\u00bbFilterable Portfolio\u00bb _builder_version=\u00bb4.20.2&#8243; global_colors_info=\u00bb{}\u00bb][\/et_pb_filterable_portfolio][et_pb_slider _builder_version=\u00bb4.20.2&#8243; custom_padding=\u00bb|||\u00bb custom_padding_tablet=\u00bb|||\u00bb custom_padding_phone=\u00bb|||\u00bb box_shadow_style=\u00bbpreset6&#8243; box_shadow_blur=\u00bb10px\u00bb box_shadow_color=\u00bbrgba(0,0,0,0.1)\u00bb show_inner_shadow=\u00bbon\u00bb global_colors_info=\u00bb{}\u00bb button_text_size__hover_enabled=\u00bboff\u00bb button_one_text_size__hover_enabled=\u00bboff\u00bb button_two_text_size__hover_enabled=\u00bboff\u00bb button_text_color__hover_enabled=\u00bboff\u00bb button_one_text_color__hover_enabled=\u00bboff\u00bb button_two_text_color__hover_enabled=\u00bboff\u00bb button_border_width__hover_enabled=\u00bboff\u00bb button_one_border_width__hover_enabled=\u00bboff\u00bb button_two_border_width__hover_enabled=\u00bboff\u00bb button_border_color__hover_enabled=\u00bboff\u00bb button_one_border_color__hover_enabled=\u00bboff\u00bb button_two_border_color__hover_enabled=\u00bboff\u00bb button_border_radius__hover_enabled=\u00bboff\u00bb button_one_border_radius__hover_enabled=\u00bboff\u00bb button_two_border_radius__hover_enabled=\u00bboff\u00bb button_letter_spacing__hover_enabled=\u00bboff\u00bb button_one_letter_spacing__hover_enabled=\u00bboff\u00bb button_two_letter_spacing__hover_enabled=\u00bboff\u00bb button_bg_color__hover_enabled=\u00bboff\u00bb button_one_bg_color__hover_enabled=\u00bboff\u00bb button_two_bg_color__hover_enabled=\u00bboff\u00bb][\/et_pb_slider][et_pb_text _builder_version=\u00bb4.16&#8243; global_colors_info=\u00bb{}\u00bb]<\/p>\n<h2>Hemos trabajado para<\/h2>\n<p>[\/et_pb_text][dipi_carousel speed=\u00bb1900&#8243; loop_wide=\u00bbon\u00bb autoplay_wide=\u00bbon\u00bb continues_wide=\u00bbon\u00bb show_lightbox=\u00bboff\u00bb dynamic_bullets=\u00bboff\u00bb _builder_version=\u00bb4.20.2&#8243; _module_preset=\u00bbdefault\u00bb hover_enabled=\u00bb0&#8243; global_colors_info=\u00bb{}\u00bb sticky_enabled=\u00bb0&#8243;][dipi_carousel_child label=\u00bbdiputacio barcelona\u00bb img_src=\u00bbhttps:\/\/www.irbis.cat\/wp-content\/uploads\/2024\/01\/logo-diputacio-de-barcelona.png\u00bb img_alt=\u00bbDiputaci\u00f3 Barcelona\u00bb _builder_version=\u00bb4.20.2&#8243; _module_preset=\u00bbdefault\u00bb hover_enabled=\u00bb0&#8243; global_colors_info=\u00bb{}\u00bb sticky_enabled=\u00bb0&#8243;][\/dipi_carousel_child][dipi_carousel_child label=\u00bbgeneralitat-catalunya\u00bb img_src=\u00bbhttps:\/\/www.irbis.cat\/wp-content\/uploads\/2024\/01\/generalitat-catalunya-1.png\u00bb img_alt=\u00bbGeneralitat de Catalunya\u00bb _builder_version=\u00bb4.20.2&#8243; _module_preset=\u00bbdefault\u00bb global_colors_info=\u00bb{}\u00bb][\/dipi_carousel_child][dipi_carousel_child label=\u00bbajuntament-barcelona\u00bb img_src=\u00bbhttps:\/\/www.irbis.cat\/wp-content\/uploads\/2024\/01\/ajuntament-barcelona-1.png\u00bb img_alt=\u00bbAjuntament de Barcelona\u00bb _builder_version=\u00bb4.20.2&#8243; _module_preset=\u00bbdefault\u00bb global_colors_info=\u00bb{}\u00bb][\/dipi_carousel_child][dipi_carousel_child label=\u00bbbarcelona-regional\u00bb img_src=\u00bbhttps:\/\/www.irbis.cat\/wp-content\/uploads\/2024\/01\/barcelona-regional-5.png\u00bb img_alt=\u00bbBarcelona Regional\u00bb _builder_version=\u00bb4.20.2&#8243; _module_preset=\u00bbdefault\u00bb global_colors_info=\u00bb{}\u00bb][\/dipi_carousel_child][dipi_carousel_child label=\u00bbinstitut-de-cultura\u00bb img_src=\u00bbhttps:\/\/www.irbis.cat\/wp-content\/uploads\/2024\/01\/logo-institut-de-cultura.png\u00bb img_alt=\u00bbInstitut de Cultura\u00bb _builder_version=\u00bb4.20.2&#8243; _module_preset=\u00bbdefault\u00bb global_colors_info=\u00bb{}\u00bb][\/dipi_carousel_child][dipi_carousel_child label=\u00bbaccio-climatica\u00bb img_src=\u00bbhttps:\/\/www.irbis.cat\/wp-content\/uploads\/2024\/01\/logo-accio-climatica.png\u00bb img_alt=\u00bbGeneralitat de Catalunya. Departament d&#8217;Acci\u00f3 Clim\u00e0tica\u00bb _builder_version=\u00bb4.20.2&#8243; _module_preset=\u00bbdefault\u00bb hover_enabled=\u00bb0&#8243; global_colors_info=\u00bb{}\u00bb sticky_enabled=\u00bb0&#8243;][\/dipi_carousel_child][dipi_carousel_child label=\u00bbajuntament-madrid\u00bb img_src=\u00bbhttps:\/\/www.irbis.cat\/wp-content\/uploads\/2024\/01\/logo-ajuntament-madrid.png\u00bb img_alt=\u00bbAjuntament Madrid\u00bb _builder_version=\u00bb4.20.2&#8243; _module_preset=\u00bbdefault\u00bb global_colors_info=\u00bb{}\u00bb][\/dipi_carousel_child][dipi_carousel_child label=\u00bbajuntament-santa-coloma-de-gramenet\u00bb img_src=\u00bbhttps:\/\/www.irbis.cat\/wp-content\/uploads\/2024\/01\/logo-ajuntament-santa-coloma-de-gramenet.png\u00bb img_alt=\u00bbAjuntament de Santa Coloma de Gramenet\u00bb _builder_version=\u00bb4.20.2&#8243; _module_preset=\u00bbdefault\u00bb hover_enabled=\u00bb0&#8243; global_colors_info=\u00bb{}\u00bb sticky_enabled=\u00bb0&#8243; alt=\u00bbLogo Ajuntament de Santa Coloma de Gramenet\u00bb][\/dipi_carousel_child][dipi_carousel_child label=\u00bbajuntament-arenys-munt\u00bb img_src=\u00bbhttps:\/\/www.irbis.cat\/wp-content\/uploads\/2024\/01\/logo-ajuntament-arenys-de-munt.png\u00bb img_alt=\u00bbAjuntament d&#8217;Arenys de Munt\u00bb _builder_version=\u00bb4.20.2&#8243; _module_preset=\u00bbdefault\u00bb hover_enabled=\u00bb0&#8243; global_colors_info=\u00bb{}\u00bb sticky_enabled=\u00bb0&#8243; alt=\u00bbLogo Ajuntament d&#8217;Arenys de Munt\u00bb][\/dipi_carousel_child][dipi_carousel_child label=\u00bbajuntament-santa-sussana\u00bb img_src=\u00bbhttps:\/\/www.irbis.cat\/wp-content\/uploads\/2024\/01\/logo-ajuntament-santa-sussana.png\u00bb img_alt=\u00bbAjuntament de Santa Sussana\u00bb _builder_version=\u00bb4.20.2&#8243; _module_preset=\u00bbdefault\u00bb hover_enabled=\u00bb0&#8243; global_colors_info=\u00bb{}\u00bb sticky_enabled=\u00bb0&#8243; alt=\u00bbLogo Ajuntament de Santa Sussana\u00bb][\/dipi_carousel_child][dipi_carousel_child label=\u00bbajuntament-sabadell\u00bb img_src=\u00bbhttps:\/\/www.irbis.cat\/wp-content\/uploads\/2024\/01\/logo-ajuntament-de-sabadell.png\u00bb img_alt=\u00bbAjuntament de Sabadell\u00bb _builder_version=\u00bb4.20.2&#8243; _module_preset=\u00bbdefault\u00bb hover_enabled=\u00bb0&#8243; global_colors_info=\u00bb{}\u00bb sticky_enabled=\u00bb0&#8243; alt=\u00bbLogo Ajuntament de Sabadell\u00bb][\/dipi_carousel_child][dipi_carousel_child label=\u00bbbimsa\u00bb img_src=\u00bbhttps:\/\/www.irbis.cat\/wp-content\/uploads\/2024\/01\/logo-bimsa.png\u00bb img_alt=\u00bbLogo de BIMSA\u00bb _builder_version=\u00bb4.20.2&#8243; _module_preset=\u00bbdefault\u00bb global_colors_info=\u00bb{}\u00bb][\/dipi_carousel_child][dipi_carousel_child label=\u00bbprogress\u00bb img_src=\u00bbhttps:\/\/www.irbis.cat\/wp-content\/uploads\/2024\/01\/progress.png\u00bb img_alt=\u00bbProgress\u00bb _builder_version=\u00bb4.20.2&#8243; _module_preset=\u00bbdefault\u00bb global_colors_info=\u00bb{}\u00bb][\/dipi_carousel_child][dipi_carousel_child label=\u00bbfundacio-territori-paisatge\u00bb img_src=\u00bbhttps:\/\/www.irbis.cat\/wp-content\/uploads\/2024\/01\/fund-territori-i-paisatge.png\u00bb img_alt=\u00bbFundaci\u00f3 Territori i Paisatge\u00bb _builder_version=\u00bb4.20.2&#8243; _module_preset=\u00bbdefault\u00bb global_colors_info=\u00bb{}\u00bb][\/dipi_carousel_child][\/dipi_carousel][dipi_carousel _builder_version=\u00bb4.20.2&#8243; _module_preset=\u00bbdefault\u00bb global_colors_info=\u00bb{}\u00bb][\/dipi_carousel][\/et_pb_column][\/et_pb_row][\/et_pb_section][et_pb_section fb_built=\u00bb1&#8243; admin_label=\u00bbPer qu\u00e8 Irbis\u00bb _builder_version=\u00bb4.16&#8243; use_background_color_gradient=\u00bbon\u00bb background_color_gradient_direction=\u00bb339deg\u00bb background_color_gradient_stops=\u00bb#10a31c 0%|#005b0a 100%\u00bb background_color_gradient_start=\u00bb#10a31c\u00bb background_color_gradient_end=\u00bb#005b0a\u00bb parallax=\u00bbon\u00bb custom_padding=\u00bb0px|0px|0px|0px\u00bb custom_padding_tablet=\u00bb0px|0px|0px|0px\u00bb padding_mobile=\u00bbon\u00bb saved_tabs=\u00bball\u00bb collapsed=\u00bbon\u00bb global_colors_info=\u00bb{}\u00bb][et_pb_row column_structure=\u00bb1_2,1_2&#8243; use_custom_gutter=\u00bbon\u00bb gutter_width=\u00bb1&#8243; padding_mobile=\u00bbon\u00bb make_equal=\u00bbon\u00bb admin_label=\u00bbRow\u00bb module_class=\u00bb et_pb_row_fullwidth\u00bb _builder_version=\u00bb4.16&#8243; background_size=\u00bbinitial\u00bb background_position=\u00bbtop_left\u00bb background_repeat=\u00bbrepeat\u00bb width=\u00bb100%\u00bb width_tablet=\u00bb100%\u00bb width_phone=\u00bb100%\u00bb width_last_edited=\u00bbon|desktop\u00bb max_width=\u00bb100%\u00bb max_width_tablet=\u00bb100%\u00bb max_width_phone=\u00bb100%\u00bb max_width_last_edited=\u00bbon|desktop\u00bb custom_margin=\u00bb0px||0px|\u00bb custom_padding=\u00bb0px|0px|0px|0px\u00bb make_fullwidth=\u00bbon\u00bb global_colors_info=\u00bb{}\u00bb][et_pb_column type=\u00bb1_2&#8243; _builder_version=\u00bb4.16&#8243; background_image=\u00bbhttps:\/\/www.irbis.cat\/wp-content\/uploads\/2017\/06\/irbis-solucions-ecologia-aplicada-al-territori-1758248_1280.jpg\u00bb background_position=\u00bbtop_right\u00bb custom_padding=\u00bb|||\u00bb global_colors_info=\u00bb{}\u00bb custom_padding__hover=\u00bb|||\u00bb][\/et_pb_column][et_pb_column type=\u00bb1_2&#8243; _builder_version=\u00bb4.16&#8243; use_background_color_gradient=\u00bbon\u00bb background_color_gradient_direction=\u00bb171deg\u00bb background_color_gradient_stops=\u00bb#022328 10%|#00181e 100%\u00bb background_color_gradient_start=\u00bb#022328&#8243; background_color_gradient_start_position=\u00bb10%\u00bb background_color_gradient_end=\u00bb#00181e\u00bb background_position=\u00bbtop_left\u00bb custom_padding=\u00bb70px|9%|70px|9%\u00bb custom_padding_tablet=\u00bb8%|4%|7%|4%\u00bb custom_padding_phone=\u00bb6%|4%|6%|4%\u00bb custom_padding_last_edited=\u00bbon|desktop\u00bb global_colors_info=\u00bb{}\u00bb padding_phone=\u00bb6%|4%|6%|4%\u00bb padding_tablet=\u00bb8%|4%|7%|4%\u00bb padding_last_edited=\u00bbon|desktop\u00bb custom_padding__hover=\u00bb|||\u00bb][et_pb_text admin_label=\u00bbPreheader\u00bb _builder_version=\u00bb4.16&#8243; text_text_color=\u00bb#10a31c\u00bb text_font_size=\u00bb18&#8243; background_size=\u00bbinitial\u00bb background_position=\u00bbtop_left\u00bb background_repeat=\u00bbrepeat\u00bb background_layout=\u00bbdark\u00bb custom_margin=\u00bb||15px|\u00bb text_font_size_tablet=\u00bb16&#8243; text_font_size_phone=\u00bb14&#8243; text_font_size_last_edited=\u00bbon|phone\u00bb custom_css_main_element=\u00bbfont-weight:600;\u00bb global_colors_info=\u00bb{}\u00bb]<\/p>\n<p class=\"\">Por qu\u00e9 Irbis<\/p>\n<p>[\/et_pb_text][et_pb_text admin_label=\u00bbHeader\u00bb _builder_version=\u00bb4.16&#8243; text_font_size=\u00bb45&#8243; header_font_size=\u00bb45&#8243; background_size=\u00bbinitial\u00bb background_position=\u00bbtop_left\u00bb background_repeat=\u00bbrepeat\u00bb background_layout=\u00bbdark\u00bb max_width_tablet=\u00bb\u00bb max_width_phone=\u00bb\u00bb max_width_last_edited=\u00bbon|phone\u00bb custom_margin=\u00bb||10px|\u00bb text_font_size_tablet=\u00bb35&#8243; text_font_size_phone=\u00bb25&#8243; text_font_size_last_edited=\u00bboff|phone\u00bb header_font_size_last_edited=\u00bboff|desktop\u00bb custom_css_main_element=\u00bbfont-weight:900!important;\u00bb global_colors_info=\u00bb{}\u00bb]<\/p>\n<h2>Implicados en<\/h2>\n<h2>aportaci\u00f3n al conocimiento<\/h2>\n<p>&nbsp;<\/p>\n<p>[\/et_pb_text][et_pb_divider divider_position=\u00bbcenter\u00bb divider_weight=\u00bb2&#8243; admin_label=\u00bbDivider (light)\u00bb _builder_version=\u00bb4.16&#8243; custom_css_before=\u00bbwidth: 100px;\u00bb hide_on_mobile=\u00bboff\u00bb global_colors_info=\u00bb{}\u00bb][\/et_pb_divider][et_pb_text admin_label=\u00bbText\u00bb _builder_version=\u00bb4.16&#8243; text_font=\u00bbRoboto||||\u00bb text_text_color=\u00bb#ffffff\u00bb text_font_size=\u00bb18&#8243; text_line_height=\u00bb1.4em\u00bb background_size=\u00bbinitial\u00bb background_position=\u00bbtop_left\u00bb background_repeat=\u00bbrepeat\u00bb max_width=\u00bb440px\u00bb max_width_tablet=\u00bb100%\u00bb max_width_phone=\u00bb\u00bb max_width_last_edited=\u00bbon|desktop\u00bb custom_margin=\u00bb5%|||\u00bb custom_margin_tablet=\u00bb3%|||\u00bb custom_margin_phone=\u00bb7%|||\u00bb custom_margin_last_edited=\u00bbon|phone\u00bb text_font_size_tablet=\u00bb\u00bb text_font_size_phone=\u00bb\u00bb text_font_size_last_edited=\u00bbon|desktop\u00bb custom_css_main_element=\u00bbfont-weight:300;\u00bb global_colors_info=\u00bb{}\u00bb]<\/p>\n<p>Hemos hecho una relevante aportaci\u00f3n al conocimiento cient\u00edfico y t\u00e9cnico: trabajos de investigaci\u00f3n, art\u00edculos cient\u00edficos especializados, cap\u00edtulos de libros cient\u00edficos, participaciones en congresos, nacionales e internacionales, participaciones en proyectos de investigaci\u00f3n nacionales y europeos. Hemos participado como profesores en cursos de post-grado y maestr\u00edas y hemos participado en jornadas para especialistas. \u00a0<\/p>\n<p>[\/et_pb_text][et_pb_divider show_divider=\u00bboff\u00bb admin_label=\u00bbDivider\u00bb _builder_version=\u00bb4.16&#8243; height=\u00bb40px\u00bb hide_on_mobile=\u00bboff\u00bb global_colors_info=\u00bb{}\u00bb][\/et_pb_divider][et_pb_button button_url=\u00bb@ET-DC@eyJkeW5hbWljIjp0cnVlLCJjb250ZW50IjoicG9zdF9saW5rX3VybF9wYWdlIiwic2V0dGluZ3MiOnsicG9zdF9pZCI6IjIwODUxOCJ9fQ==@\u00bb button_text=\u00bbCON\u00d3CENOS\u00bb button_alignment=\u00bbleft\u00bb admin_label=\u00bbButton\u00bb _builder_version=\u00bb4.20.2&#8243; _dynamic_attributes=\u00bbbutton_url\u00bb button_icon=\u00bb&#x33;||divi||400&#8243; background_layout=\u00bbdark\u00bb custom_css_main_element=\u00bbpadding-top: 10px !important;||padding-right: 22px !important;||padding-bottom: 10px !important;||padding-left: 22px !important;||font-size: 14px;\u00bb global_colors_info=\u00bb{}\u00bb button_text_size__hover_enabled=\u00bboff\u00bb button_one_text_size__hover_enabled=\u00bboff\u00bb button_two_text_size__hover_enabled=\u00bboff\u00bb button_text_color__hover_enabled=\u00bboff\u00bb button_one_text_color__hover_enabled=\u00bboff\u00bb button_two_text_color__hover_enabled=\u00bboff\u00bb button_border_width__hover_enabled=\u00bboff\u00bb button_one_border_width__hover_enabled=\u00bboff\u00bb button_two_border_width__hover_enabled=\u00bboff\u00bb button_border_color__hover_enabled=\u00bboff\u00bb button_one_border_color__hover_enabled=\u00bboff\u00bb button_two_border_color__hover_enabled=\u00bboff\u00bb button_border_radius__hover_enabled=\u00bboff\u00bb button_one_border_radius__hover_enabled=\u00bboff\u00bb button_two_border_radius__hover_enabled=\u00bboff\u00bb button_letter_spacing__hover_enabled=\u00bboff\u00bb button_one_letter_spacing__hover_enabled=\u00bboff\u00bb button_two_letter_spacing__hover_enabled=\u00bboff\u00bb button_bg_color__hover_enabled=\u00bboff\u00bb button_one_bg_color__hover_enabled=\u00bboff\u00bb button_two_bg_color__hover_enabled=\u00bboff\u00bb][\/et_pb_button][\/et_pb_column][\/et_pb_row][\/et_pb_section]<\/p>\n","protected":false},"excerpt":{"rendered":"<p>Irbis, ecolog\u00eda aplicada a la sostenibilidad Proyectos Un amplio abanico de Proyectos de consultor\u00eda ambiental Nuestra actividad profesional se desarrolla principalmente en dos vertientes: los estudios y la asesor\u00eda &#8211; consultor\u00eda. Desde el inicio hemos desarrollado, a partir de aproximaciones cient\u00edficas o t\u00e9cnicas, un amplio abanico de trabajos de objetivos diversos: informes, documentos de asesor\u00eda, [&hellip;]<\/p>\n","protected":false},"author":1,"featured_media":0,"parent":0,"menu_order":0,"comment_status":"closed","ping_status":"closed","template":"","meta":{"_et_pb_use_builder":"on","_et_pb_old_content":"","_et_gb_content_width":""},"_links":{"self":[{"href":"https:\/\/www.irbis.cat\/es\/wp-json\/wp\/v2\/pages\/208947"}],"collection":[{"href":"https:\/\/www.irbis.cat\/es\/wp-json\/wp\/v2\/pages"}],"about":[{"href":"https:\/\/www.irbis.cat\/es\/wp-json\/wp\/v2\/types\/page"}],"author":[{"embeddable":true,"href":"https:\/\/www.irbis.cat\/es\/wp-json\/wp\/v2\/users\/1"}],"replies":[{"embeddable":true,"href":"https:\/\/www.irbis.cat\/es\/wp-json\/wp\/v2\/comments?post=208947"}],"version-history":[{"count":64,"href":"https:\/\/www.irbis.cat\/es\/wp-json\/wp\/v2\/pages\/208947\/revisions"}],"predecessor-version":[{"id":214018,"href":"https:\/\/www.irbis.cat\/es\/wp-json\/wp\/v2\/pages\/208947\/revisions\/214018"}],"wp:attachment":[{"href":"https:\/\/www.irbis.cat\/es\/wp-json\/wp\/v2\/media?parent=208947"}],"curies":[{"name":"wp","href":"https:\/\/api.w.org\/{rel}","templated":true}]}}